{"id":457,"date":"2024-04-28T00:20:10","date_gmt":"2024-04-27T22:20:10","guid":{"rendered":"https:\/\/www.dental-asd.com\/?page_id=457"},"modified":"2024-12-01T12:25:12","modified_gmt":"2024-12-01T11:25:12","slug":"details-animationfamille","status":"publish","type":"page","link":"https:\/\/www.dental-asd.com\/index.php\/details-animationfamille\/","title":{"rendered":"D\u00e9tails-Animation Famille"},"content":{"rendered":"\t\t<div data-elementor-type=\"wp-page\" data-elementor-id=\"457\" class=\"elementor elementor-457\">\n\t\t\t\t<div class=\"elementor-element elementor-element-499f4562 e-flex e-con-boxed wpr-particle-no wpr-jarallax-no wpr-parallax-no wpr-sticky-section-no e-con e-parent\" data-id=\"499f4562\" data-element_type=\"container\" data-e-type=\"container\" data-settings=\"{&quot;background_background&quot;:&quot;slideshow&quot;,&quot;background_slideshow_gallery&quot;:[{&quot;id&quot;:250,&quot;url&quot;:&quot;https:\\\/\\\/www.dental-asd.com\\\/wp-content\\\/uploads\\\/2024\\\/04\\\/AnimationDebat.jpeg&quot;}],&quot;background_slideshow_loop&quot;:&quot;yes&quot;,&quot;background_slideshow_slide_duration&quot;:5000,&quot;background_slideshow_slide_transition&quot;:&quot;fade&quot;,&quot;background_slideshow_transition_duration&quot;:500}\">\n\t\t\t\t\t<div class=\"e-con-inner\">\n\t\t\t\t<div class=\"elementor-element elementor-element-8d9374c elementor-widget elementor-widget-heading\" data-id=\"8d9374c\" data-element_type=\"widget\" data-e-type=\"widget\" data-widget_type=\"heading.default\">\n\t\t\t\t<div class=\"elementor-widget-container\">\n\t\t\t\t\t<h2 class=\"elementor-heading-title elementor-size-default\">Animation : Familles \/ Professionnels <\/h2>\t\t\t\t<\/div>\n\t\t\t\t<\/div>\n\t\t\t\t\t<\/div>\n\t\t\t\t<\/div>\n\t\t<div class=\"elementor-element elementor-element-3c9828cb e-flex e-con-boxed wpr-particle-no wpr-jarallax-no wpr-parallax-no wpr-sticky-section-no e-con e-parent\" data-id=\"3c9828cb\" data-element_type=\"container\" data-e-type=\"container\">\n\t\t\t\t\t<div class=\"e-con-inner\">\n\t\t\t\t<div class=\"elementor-element elementor-element-4ce3e67 elementor-widget elementor-widget-text-editor\" data-id=\"4ce3e67\" data-element_type=\"widget\" data-e-type=\"widget\" data-widget_type=\"text-editor.default\">\n\t\t\t\t<div class=\"elementor-widget-container\">\n\t\t\t\t\t\t\t\t\t<p><strong>A lieu au sein des familles (de mani\u00e8re individuelle), au sein des associations de familles ou des \u00e9tablissements pour \u00e9voquer la sant\u00e9 bucco-dentaire de la personne autiste.<br \/>Elle ambitionne de soutenir les parents et les professionnels dans leur r\u00f4le \u00e9ducatif et de r\u00e9pondre aux probl\u00e9matiques individuelles rencontr\u00e9es au quotidien.<\/strong><\/p><p><strong><span style=\"text-decoration: underline;\">Exemples de Th\u00e9matiques abord\u00e9es<\/span> :<br \/>\u2022 Techniques de brossage<\/strong><br \/><strong>\u2022 Comment arriver \u00e0 brosser les dents de mon enfant<\/strong><br \/><strong>\u2022 Alimentation <\/strong><br \/><strong>\u2022 Fluor<\/strong><\/p><p><strong>Th\u00e9matiques \u00e0 la demande<\/strong><\/p>\t\t\t\t\t\t\t\t<\/div>\n\t\t\t\t<\/div>\n\t\t\t\t<div class=\"elementor-element elementor-element-3335e0 elementor-align-justify elementor-widget elementor-widget-button\" data-id=\"3335e0\" data-element_type=\"widget\" data-e-type=\"widget\" data-widget_type=\"button.default\">\n\t\t\t\t<div class=\"elementor-widget-container\">\n\t\t\t\t\t\t\t\t\t<div class=\"elementor-button-wrapper\">\n\t\t\t\t\t<a class=\"elementor-button elementor-button-link elementor-size-sm\" href=\"https:\/\/www.dental-asd.com\/index.php\/demande-de-devis\/\">\n\t\t\t\t\t\t<span class=\"elementor-button-content-wrapper\">\n\t\t\t\t\t\t\t\t\t<span class=\"elementor-button-text\">Demander un devis<\/span>\n\t\t\t\t\t<\/span>\n\t\t\t\t\t<\/a>\n\t\t\t\t<\/div>\n\t\t\t\t\t\t\t\t<\/div>\n\t\t\t\t<\/div>\n\t\t<div class=\"elementor-element elementor-element-ec44f10 e-con-full e-flex wpr-particle-no wpr-jarallax-no wpr-parallax-no wpr-sticky-section-no e-con e-child\" data-id=\"ec44f10\" data-element_type=\"container\" data-e-type=\"container\">\n\t\t\t\t<\/div>\n\t\t\t\t\t<\/div>\n\t\t\t\t<\/div>\n\t\t\t\t<\/div>\n\t\t","protected":false},"excerpt":{"rendered":"<p>Animation : Familles \/ Professionnels A lieu au sein des familles (de mani\u00e8re individuelle), au sein des associations de familles ou des \u00e9tablissements pour \u00e9voquer la sant\u00e9 bucco-dentaire de la personne autiste.Elle ambitionne de soutenir les parents et les professionnels dans leur r\u00f4le \u00e9ducatif et de r\u00e9pondre aux probl\u00e9matiques individuelles rencontr\u00e9es au quotidien. Exemples de Th\u00e9matiques abord\u00e9es :\u2022 Techniques de brossage\u2022 Comment arriver \u00e0 brosser les dents de mon enfant\u2022 Alimentation \u2022 Fluor Th\u00e9matiques \u00e0 la demande Demander un devis<\/p>\n","protected":false},"author":2,"featured_media":0,"parent":0,"menu_order":0,"comment_status":"closed","ping_status":"closed","template":"","meta":{"_eb_attr":"","site-sidebar-layout":"no-sidebar","site-content-layout":"","ast-site-content-layout":"full-width-container","site-content-style":"default","site-sidebar-style":"default","ast-global-header-display":"","ast-banner-title-visibility":"","ast-main-header-display":"","ast-hfb-above-header-display":"","ast-hfb-below-header-display":"","ast-hfb-mobile-header-display":"","site-post-title":"disabled","ast-breadcrumbs-content":"","ast-featured-img":"disabled","footer-sml-layout":"","ast-disable-related-posts":"","theme-transparent-header-meta":"enabled","adv-header-id-meta":"","stick-header-meta":"","header-above-stick-meta":"","header-main-stick-meta":"","header-below-stick-meta":"","astra-migrate-meta-layouts":"default","ast-page-background-enabled":"default","ast-page-background-meta":{"desktop":{"background-color":"var(--ast-global-color-4)","background-image":"","background-repeat":"repeat","background-position":"center center","background-size":"auto","background-attachment":"scroll","background-type":"","background-media":"","overlay-type":"","overlay-color":"","overlay-opacity":"","overlay-gradient":""},"tablet":{"background-color":"","background-image":"","background-repeat":"repeat","background-position":"center center","background-size":"auto","background-attachment":"scroll","background-type":"","background-media":"","overlay-type":"","overlay-color":"","overlay-opacity":"","overlay-gradient":""},"mobile":{"background-color":"","background-image":"","background-repeat":"repeat","background-position":"center center","background-size":"auto","background-attachment":"scroll","background-type":"","background-media":"","overlay-type":"","overlay-color":"","overlay-opacity":"","overlay-gradient":""}},"ast-content-background-meta":{"desktop":{"background-color":"var(--ast-global-color-5)","background-image":"","background-repeat":"repeat","background-position":"center center","background-size":"auto","background-attachment":"scroll","background-type":"","background-media":"","overlay-type":"","overlay-color":"","overlay-opacity":"","overlay-gradient":""},"tablet":{"background-color":"var(--ast-global-color-5)","background-image":"","background-repeat":"repeat","background-position":"center center","background-size":"auto","background-attachment":"scroll","background-type":"","background-media":"","overlay-type":"","overlay-color":"","overlay-opacity":"","overlay-gradient":""},"mobile":{"background-color":"var(--ast-global-color-5)","background-image":"","background-repeat":"repeat","background-position":"center center","background-size":"auto","background-attachment":"scroll","background-type":"","background-media":"","overlay-type":"","overlay-color":"","overlay-opacity":"","overlay-gradient":""}},"footnotes":""},"class_list":["post-457","page","type-page","status-publish","hentry"],"jetpack_sharing_enabled":true,"rttpg_featured_image_url":null,"rttpg_author":{"display_name":"drame","author_link":"https:\/\/www.dental-asd.com\/index.php\/author\/drame\/"},"rttpg_comment":0,"rttpg_category":null,"rttpg_excerpt":"Animation : Familles \/ Professionnels A lieu au sein des familles (de mani\u00e8re individuelle), au sein des associations de familles ou des \u00e9tablissements pour \u00e9voquer la sant\u00e9 bucco-dentaire de la personne autiste.Elle ambitionne de soutenir les parents et les professionnels dans leur r\u00f4le \u00e9ducatif et de r\u00e9pondre aux probl\u00e9matiques individuelles rencontr\u00e9es au quotidien. Exemples de\u2026","_links":{"self":[{"href":"https:\/\/www.dental-asd.com\/index.php\/wp-json\/wp\/v2\/pages\/457","targetHints":{"allow":["GET"]}}],"collection":[{"href":"https:\/\/www.dental-asd.com\/index.php\/wp-json\/wp\/v2\/pages"}],"about":[{"href":"https:\/\/www.dental-asd.com\/index.php\/wp-json\/wp\/v2\/types\/page"}],"author":[{"embeddable":true,"href":"https:\/\/www.dental-asd.com\/index.php\/wp-json\/wp\/v2\/users\/2"}],"replies":[{"embeddable":true,"href":"https:\/\/www.dental-asd.com\/index.php\/wp-json\/wp\/v2\/comments?post=457"}],"version-history":[{"count":77,"href":"https:\/\/www.dental-asd.com\/index.php\/wp-json\/wp\/v2\/pages\/457\/revisions"}],"predecessor-version":[{"id":2809,"href":"https:\/\/www.dental-asd.com\/index.php\/wp-json\/wp\/v2\/pages\/457\/revisions\/2809"}],"wp:attachment":[{"href":"https:\/\/www.dental-asd.com\/index.php\/wp-json\/wp\/v2\/media?parent=457"}],"curies":[{"name":"wp","href":"https:\/\/api.w.org\/{rel}","templated":true}]}}