{"id":453,"date":"2024-04-28T00:07:06","date_gmt":"2024-04-27T22:07:06","guid":{"rendered":"https:\/\/www.dental-asd.com\/?page_id=453"},"modified":"2024-11-11T17:37:16","modified_gmt":"2024-11-11T16:37:16","slug":"details-conference_debat","status":"publish","type":"page","link":"https:\/\/www.dental-asd.com\/index.php\/details-conference_debat\/","title":{"rendered":"D\u00e9tails-Conf\u00e9rences_d\u00e9bats"},"content":{"rendered":"\t\t<div data-elementor-type=\"wp-page\" data-elementor-id=\"453\" class=\"elementor elementor-453\">\n\t\t\t\t<div class=\"elementor-element elementor-element-7984f0a1 e-flex e-con-boxed wpr-particle-no wpr-jarallax-no wpr-parallax-no wpr-sticky-section-no e-con e-parent\" data-id=\"7984f0a1\" data-element_type=\"container\" data-e-type=\"container\" data-settings=\"{&quot;background_background&quot;:&quot;slideshow&quot;,&quot;background_slideshow_gallery&quot;:[{&quot;id&quot;:226,&quot;url&quot;:&quot;https:\\\/\\\/www.dental-asd.com\\\/wp-content\\\/uploads\\\/2024\\\/04\\\/animation_conference.jpeg&quot;}],&quot;background_slideshow_loop&quot;:&quot;yes&quot;,&quot;background_slideshow_slide_duration&quot;:5000,&quot;background_slideshow_slide_transition&quot;:&quot;fade&quot;,&quot;background_slideshow_transition_duration&quot;:500}\">\n\t\t\t\t\t<div class=\"e-con-inner\">\n\t\t\t\t<div class=\"elementor-element elementor-element-14a7c1c elementor-widget elementor-widget-heading\" data-id=\"14a7c1c\" data-element_type=\"widget\" data-e-type=\"widget\" data-widget_type=\"heading.default\">\n\t\t\t\t<div class=\"elementor-widget-container\">\n\t\t\t\t\t<h2 class=\"elementor-heading-title elementor-size-default\">Conf\u00e9rences &amp; d\u00e9bats\n<\/h2>\t\t\t\t<\/div>\n\t\t\t\t<\/div>\n\t\t\t\t\t<\/div>\n\t\t\t\t<\/div>\n\t\t<div class=\"elementor-element elementor-element-4ff3dbdb e-flex e-con-boxed wpr-particle-no wpr-jarallax-no wpr-parallax-no wpr-sticky-section-no e-con e-parent\" data-id=\"4ff3dbdb\" data-element_type=\"container\" data-e-type=\"container\">\n\t\t\t\t\t<div class=\"e-con-inner\">\n\t\t\t\t<div class=\"elementor-element elementor-element-fcbdafc elementor-widget elementor-widget-text-editor\" data-id=\"fcbdafc\" data-element_type=\"widget\" data-e-type=\"widget\" data-widget_type=\"text-editor.default\">\n\t\t\t\t<div class=\"elementor-widget-container\">\n\t\t\t\t\t\t\t\t\t<p><strong>Participez \u00e0 nos animations th\u00e9matiques, propos\u00e9es en matin\u00e9e ou en soir\u00e9e, pour \u00e9changer sur des sujets cl\u00e9s \u00e0 l\u2019intersection de la sant\u00e9 bucco-dentaire et de l\u2019autisme. <\/strong><br \/><strong>Ces sessions interactives sont con\u00e7ues pour vous fournir des informations pratiques et des strat\u00e9gies efficaces dans un format engageant et accessible. <\/strong><strong>Elles offrent une opportunit\u00e9 unique de se former de mani\u00e8re pratique et collaborative, en b\u00e9n\u00e9ficiant de l&rsquo;expertise des intervenants.<\/strong><br \/><strong>Ne manquez pas ces occasions d\u2019enrichir vos connaissances et d\u2019am\u00e9liorer votre approche bucco-dentaire pour la personne avec TSA.<\/strong><\/p><p><strong><span style=\"text-decoration: underline;\">Exemples de Th\u00e9matiques<\/span> :<br \/>\u2022 Sant\u00e9 Bucco-Dentaire chez la Personne avec TSA : Pr\u00e9vention et Recommandations<br \/><\/strong>D\u00e9couvrez des pratiques pour la pr\u00e9vention des probl\u00e8mes dentaires chez les personnes avec Trouble du Spectre de l&rsquo;Autisme (TSA). <br \/>Cette session couvrira des strat\u00e9gies pour am\u00e9liorer la sant\u00e9 bucco-dentaire des personnes avec TSA, des recommandations et des conseils adapt\u00e9s pour int\u00e9grer ces pratiques dans votre routine quotidienne.<\/p><p><strong>\u2022 Prise en charge de la sant\u00e9 bucco-dentaire chez les personnes avec TSA<\/strong><\/p><p><strong>\u2022 Th\u00e9matiques \u00e0 la demande<\/strong><\/p>\t\t\t\t\t\t\t\t<\/div>\n\t\t\t\t<\/div>\n\t\t\t\t<div class=\"elementor-element elementor-element-622500e3 elementor-align-justify elementor-widget elementor-widget-button\" data-id=\"622500e3\" data-element_type=\"widget\" data-e-type=\"widget\" data-widget_type=\"button.default\">\n\t\t\t\t<div class=\"elementor-widget-container\">\n\t\t\t\t\t\t\t\t\t<div class=\"elementor-button-wrapper\">\n\t\t\t\t\t<a class=\"elementor-button elementor-button-link elementor-size-sm\" href=\"https:\/\/www.dental-asd.com\/index.php\/demande-de-devis\/\">\n\t\t\t\t\t\t<span class=\"elementor-button-content-wrapper\">\n\t\t\t\t\t\t\t\t\t<span class=\"elementor-button-text\">Demander un devis<\/span>\n\t\t\t\t\t<\/span>\n\t\t\t\t\t<\/a>\n\t\t\t\t<\/div>\n\t\t\t\t\t\t\t\t<\/div>\n\t\t\t\t<\/div>\n\t\t\t\t\t<\/div>\n\t\t\t\t<\/div>\n\t\t\t\t<\/div>\n\t\t","protected":false},"excerpt":{"rendered":"<p>Conf\u00e9rences &amp; d\u00e9bats Participez \u00e0 nos animations th\u00e9matiques, propos\u00e9es en matin\u00e9e ou en soir\u00e9e, pour \u00e9changer sur des sujets cl\u00e9s \u00e0 l\u2019intersection de la sant\u00e9 bucco-dentaire et de l\u2019autisme. Ces sessions interactives sont con\u00e7ues pour vous fournir des informations pratiques et des strat\u00e9gies efficaces dans un format engageant et accessible. Elles offrent une opportunit\u00e9 unique de se former de mani\u00e8re pratique et collaborative, en b\u00e9n\u00e9ficiant de l&rsquo;expertise des intervenants.Ne manquez pas ces occasions d\u2019enrichir vos connaissances et d\u2019am\u00e9liorer votre approche bucco-dentaire pour la personne avec TSA. Exemples de Th\u00e9matiques :\u2022 Sant\u00e9 Bucco-Dentaire chez la Personne avec TSA : Pr\u00e9vention et RecommandationsD\u00e9couvrez des pratiques pour la pr\u00e9vention des probl\u00e8mes dentaires chez les personnes avec Trouble du Spectre de l&rsquo;Autisme (TSA). Cette session couvrira des strat\u00e9gies pour am\u00e9liorer la sant\u00e9 bucco-dentaire des personnes avec TSA, des recommandations et des conseils adapt\u00e9s pour int\u00e9grer ces pratiques dans votre routine quotidienne. \u2022 Prise en charge de la sant\u00e9 bucco-dentaire chez les personnes avec TSA \u2022 Th\u00e9matiques \u00e0 la demande Demander un devis<\/p>\n","protected":false},"author":2,"featured_media":0,"parent":0,"menu_order":0,"comment_status":"closed","ping_status":"closed","template":"","meta":{"_eb_attr":"","site-sidebar-layout":"no-sidebar","site-content-layout":"","ast-site-content-layout":"full-width-container","site-content-style":"default","site-sidebar-style":"default","ast-global-header-display":"","ast-banner-title-visibility":"","ast-main-header-display":"","ast-hfb-above-header-display":"","ast-hfb-below-header-display":"","ast-hfb-mobile-header-display":"","site-post-title":"disabled","ast-breadcrumbs-content":"","ast-featured-img":"disabled","footer-sml-layout":"","ast-disable-related-posts":"","theme-transparent-header-meta":"enabled","adv-header-id-meta":"","stick-header-meta":"","header-above-stick-meta":"","header-main-stick-meta":"","header-below-stick-meta":"","astra-migrate-meta-layouts":"default","ast-page-background-enabled":"default","ast-page-background-meta":{"desktop":{"background-color":"var(--ast-global-color-4)","background-image":"","background-repeat":"repeat","background-position":"center center","background-size":"auto","background-attachment":"scroll","background-type":"","background-media":"","overlay-type":"","overlay-color":"","overlay-opacity":"","overlay-gradient":""},"tablet":{"background-color":"","background-image":"","background-repeat":"repeat","background-position":"center center","background-size":"auto","background-attachment":"scroll","background-type":"","background-media":"","overlay-type":"","overlay-color":"","overlay-opacity":"","overlay-gradient":""},"mobile":{"background-color":"","background-image":"","background-repeat":"repeat","background-position":"center center","background-size":"auto","background-attachment":"scroll","background-type":"","background-media":"","overlay-type":"","overlay-color":"","overlay-opacity":"","overlay-gradient":""}},"ast-content-background-meta":{"desktop":{"background-color":"var(--ast-global-color-5)","background-image":"","background-repeat":"repeat","background-position":"center center","background-size":"auto","background-attachment":"scroll","background-type":"","background-media":"","overlay-type":"","overlay-color":"","overlay-opacity":"","overlay-gradient":""},"tablet":{"background-color":"var(--ast-global-color-5)","background-image":"","background-repeat":"repeat","background-position":"center center","background-size":"auto","background-attachment":"scroll","background-type":"","background-media":"","overlay-type":"","overlay-color":"","overlay-opacity":"","overlay-gradient":""},"mobile":{"background-color":"var(--ast-global-color-5)","background-image":"","background-repeat":"repeat","background-position":"center center","background-size":"auto","background-attachment":"scroll","background-type":"","background-media":"","overlay-type":"","overlay-color":"","overlay-opacity":"","overlay-gradient":""}},"footnotes":""},"class_list":["post-453","page","type-page","status-publish","hentry"],"jetpack_sharing_enabled":true,"rttpg_featured_image_url":null,"rttpg_author":{"display_name":"drame","author_link":"https:\/\/www.dental-asd.com\/index.php\/author\/drame\/"},"rttpg_comment":0,"rttpg_category":null,"rttpg_excerpt":"Conf\u00e9rences &amp; d\u00e9bats Participez \u00e0 nos animations th\u00e9matiques, propos\u00e9es en matin\u00e9e ou en soir\u00e9e, pour \u00e9changer sur des sujets cl\u00e9s \u00e0 l\u2019intersection de la sant\u00e9 bucco-dentaire et de l\u2019autisme. Ces sessions interactives sont con\u00e7ues pour vous fournir des informations pratiques et des strat\u00e9gies efficaces dans un format engageant et accessible. Elles offrent une opportunit\u00e9 unique\u2026","_links":{"self":[{"href":"https:\/\/www.dental-asd.com\/index.php\/wp-json\/wp\/v2\/pages\/453","targetHints":{"allow":["GET"]}}],"collection":[{"href":"https:\/\/www.dental-asd.com\/index.php\/wp-json\/wp\/v2\/pages"}],"about":[{"href":"https:\/\/www.dental-asd.com\/index.php\/wp-json\/wp\/v2\/types\/page"}],"author":[{"embeddable":true,"href":"https:\/\/www.dental-asd.com\/index.php\/wp-json\/wp\/v2\/users\/2"}],"replies":[{"embeddable":true,"href":"https:\/\/www.dental-asd.com\/index.php\/wp-json\/wp\/v2\/comments?post=453"}],"version-history":[{"count":80,"href":"https:\/\/www.dental-asd.com\/index.php\/wp-json\/wp\/v2\/pages\/453\/revisions"}],"predecessor-version":[{"id":2788,"href":"https:\/\/www.dental-asd.com\/index.php\/wp-json\/wp\/v2\/pages\/453\/revisions\/2788"}],"wp:attachment":[{"href":"https:\/\/www.dental-asd.com\/index.php\/wp-json\/wp\/v2\/media?parent=453"}],"curies":[{"name":"wp","href":"https:\/\/api.w.org\/{rel}","templated":true}]}}